{"id":20,"date":"2024-06-27T16:57:54","date_gmt":"2024-06-27T14:57:54","guid":{"rendered":"https:\/\/synergy-therapy.fr\/?page_id=20"},"modified":"2024-10-06T20:59:26","modified_gmt":"2024-10-06T18:59:26","slug":"corps","status":"publish","type":"page","link":"https:\/\/synergy-therapy.fr\/?page_id=20","title":{"rendered":"Corps &#8211; Accueil"},"content":{"rendered":"\t\t<div data-elementor-type=\"wp-page\" data-elementor-id=\"20\" class=\"elementor elementor-20\">\n\t\t\t\t<div class=\"elementor-element elementor-element-4d49041 e-flex e-con-boxed e-con e-parent\" data-id=\"4d49041\" data-element_type=\"container\" data-e-type=\"container\" data-settings=\"{&quot;background_background&quot;:&quot;classic&quot;}\">\n\t\t\t\t\t<div class=\"e-con-inner\">\n\t\t\t\t\t<\/div>\n\t\t\t\t<\/div>\n\t\t<div class=\"elementor-element elementor-element-4a07958 e-flex e-con-boxed e-con e-parent\" data-id=\"4a07958\" data-element_type=\"container\" data-e-type=\"container\">\n\t\t\t\t\t<div class=\"e-con-inner\">\n\t\t\t\t<div class=\"elementor-element elementor-element-c040683 exad-sticky-section-no exad-glass-effect-no elementor-widget elementor-widget-spacer\" data-id=\"c040683\" data-element_type=\"widget\" data-e-type=\"widget\" data-widget_type=\"spacer.default\">\n\t\t\t\t<div class=\"elementor-widget-container\">\n\t\t\t\t\t\t\t<div class=\"elementor-spacer\">\n\t\t\t<div class=\"elementor-spacer-inner\"><\/div>\n\t\t<\/div>\n\t\t\t\t\t\t<\/div>\n\t\t\t\t<\/div>\n\t\t\t\t\t<\/div>\n\t\t\t\t<\/div>\n\t\t<div class=\"elementor-element elementor-element-a0616cb e-flex e-con-boxed e-con e-parent\" data-id=\"a0616cb\" data-element_type=\"container\" data-e-type=\"container\">\n\t\t\t\t\t<div class=\"e-con-inner\">\n\t\t<div class=\"elementor-element elementor-element-94ce8d6 e-con-full e-flex e-con e-child\" data-id=\"94ce8d6\" data-element_type=\"container\" data-e-type=\"container\">\n\t\t<div class=\"elementor-element elementor-element-96f7730 e-con-full e-flex elementor-invisible e-con e-child\" data-id=\"96f7730\" data-element_type=\"container\" data-e-type=\"container\" data-settings=\"{&quot;animation&quot;:&quot;fadeIn&quot;}\">\n\t\t\t\t<div class=\"elementor-element elementor-element-e09501c exad-sticky-section-no exad-glass-effect-no elementor-widget elementor-widget-heading\" data-id=\"e09501c\" data-element_type=\"widget\" data-e-type=\"widget\" data-widget_type=\"heading.default\">\n\t\t\t\t<div class=\"elementor-widget-container\">\n\t\t\t\t\t<h1 class=\"elementor-heading-title elementor-size-default\">Corps :<br>Formation<br>Synergy Th\u00e9rapeute<\/h1>\t\t\t\t<\/div>\n\t\t\t\t<\/div>\n\t\t\t\t<\/div>\n\t\t<div class=\"elementor-element elementor-element-854663e e-con-full e-flex e-con e-child\" data-id=\"854663e\" data-element_type=\"container\" data-e-type=\"container\">\n\t\t\t\t<div class=\"elementor-element elementor-element-0e9972d exad-sticky-section-no exad-glass-effect-no elementor-widget elementor-widget-text-editor\" data-id=\"0e9972d\" data-element_type=\"widget\" data-e-type=\"widget\" data-widget_type=\"text-editor.default\">\n\t\t\t\t<div class=\"elementor-widget-container\">\n\t\t\t\t\t\t\t\t\t<p>Je vous propose un <strong>cursus de formation certifiante<\/strong> pour devenir\u00a0: <strong>SYNERGY THERAPEUTE <\/strong>Cette m\u00e9thode de <strong>Pratiques Energ\u00e9tiques Manuelles<\/strong> est enseign\u00e9e par modules, Sur plusieurs week-ends, les formations ont lieu le week-end a raison d\u2019une fois par mois.<\/p><p>Le <strong>cursus complet<\/strong> dure <strong>3 ans<\/strong> avec la possibilit\u00e9 de <strong>d\u00e9marrer votre activit\u00e9 d\u00e8s la 1 \u00e8re ann\u00e9e<\/strong> tout en poursuivant la formation. Le <strong>cycle complet<\/strong> vous donne acc\u00e8s \u00e0 un certificat de comp\u00e9tences, valid\u00e9 par un examen.<\/p><p style=\"text-align: center;\"><strong>Le CURSUS\u00a0: un module \/ an<\/strong><\/p><p>1. <strong>Module Massage Harmony<\/strong> : 6 WE d\u2019apprentissage + 1we examen + 1 WE supervision = 8 WE<br \/>2. <strong>Module Drainage Lympho-\u00e9nerg\u00e9tique<\/strong> : m\u00eame d\u00e9clinaison que le module massage= 8 WE<br \/>3. <strong>Module Acupression<\/strong>\u00a0: Idem = 8 WE<\/p>\t\t\t\t\t\t\t\t<\/div>\n\t\t\t\t<\/div>\n\t\t\t\t<\/div>\n\t\t\t\t<\/div>\n\t\t\t\t\t<\/div>\n\t\t\t\t<\/div>\n\t\t<div class=\"elementor-element elementor-element-488caab e-flex e-con-boxed e-con e-parent\" data-id=\"488caab\" data-element_type=\"container\" data-e-type=\"container\">\n\t\t\t\t\t<div class=\"e-con-inner\">\n\t\t\t\t<div class=\"elementor-element elementor-element-7b784f2 exad-sticky-section-no exad-glass-effect-no elementor-widget elementor-widget-heading\" data-id=\"7b784f2\" data-element_type=\"widget\" data-e-type=\"widget\" data-widget_type=\"heading.default\">\n\t\t\t\t<div class=\"elementor-widget-container\">\n\t\t\t\t\t<h2 class=\"elementor-heading-title elementor-size-default\">Les programmes<\/h2>\t\t\t\t<\/div>\n\t\t\t\t<\/div>\n\t\t\t\t\t<\/div>\n\t\t\t\t<\/div>\n\t\t<div class=\"elementor-element elementor-element-3b154fb e-flex e-con-boxed e-con e-parent\" data-id=\"3b154fb\" data-element_type=\"container\" data-e-type=\"container\">\n\t\t\t\t\t<div class=\"e-con-inner\">\n\t\t\t\t<div class=\"elementor-element elementor-element-a3bd2bc exad-sticky-section-no exad-glass-effect-no elementor-widget elementor-widget-accordion\" data-id=\"a3bd2bc\" data-element_type=\"widget\" data-e-type=\"widget\" data-widget_type=\"accordion.default\">\n\t\t\t\t<div class=\"elementor-widget-container\">\n\t\t\t\t\t\t\t<div class=\"elementor-accordion\">\n\t\t\t\t\t\t\t<div class=\"elementor-accordion-item\">\n\t\t\t\t\t<div id=\"elementor-tab-title-1711\" class=\"elementor-tab-title\" data-tab=\"1\" role=\"button\" aria-controls=\"elementor-tab-content-1711\" aria-expanded=\"false\">\n\t\t\t\t\t\t\t\t\t\t\t\t\t<span class=\"elementor-accordion-icon elementor-accordion-icon-left\" aria-hidden=\"true\">\n\t\t\t\t\t\t\t\t\t\t\t\t\t\t\t<span class=\"elementor-accordion-icon-closed\"><svg class=\"e-font-icon-svg e-fas-plus\" viewBox=\"0 0 448 512\" xmlns=\"http:\/\/www.w3.org\/2000\/svg\"><path d=\"M416 208H272V64c0-17.67-14.33-32-32-32h-32c-17.67 0-32 14.33-32 32v144H32c-17.67 0-32 14.33-32 32v32c0 17.67 14.33 32 32 32h144v144c0 17.67 14.33 32 32 32h32c17.67 0 32-14.33 32-32V304h144c17.67 0 32-14.33 32-32v-32c0-17.67-14.33-32-32-32z\"><\/path><\/svg><\/span>\n\t\t\t\t\t\t\t\t<span class=\"elementor-accordion-icon-opened\"><svg class=\"e-font-icon-svg e-fas-minus\" viewBox=\"0 0 448 512\" xmlns=\"http:\/\/www.w3.org\/2000\/svg\"><path d=\"M416 208H32c-17.67 0-32 14.33-32 32v32c0 17.67 14.33 32 32 32h384c17.67 0 32-14.33 32-32v-32c0-17.67-14.33-32-32-32z\"><\/path><\/svg><\/span>\n\t\t\t\t\t\t\t\t\t\t\t\t\t\t<\/span>\n\t\t\t\t\t\t\t\t\t\t\t\t<a class=\"elementor-accordion-title\" tabindex=\"0\">Module Massage Harmony<\/a>\n\t\t\t\t\t<\/div>\n\t\t\t\t\t<div id=\"elementor-tab-content-1711\" class=\"elementor-tab-content elementor-clearfix\" data-tab=\"1\" role=\"region\" aria-labelledby=\"elementor-tab-title-1711\"><p>Il\u00a0a pour base le Massage ayurv\u00e9dique auquel nous avons rajouter la stimulation des m\u00e9ridiens et\u00a0 des zones reflexes<\/p><p><img fetchpriority=\"high\" decoding=\"async\" class=\"alignleft wp-image-77\" src=\"https:\/\/synergy-therapy.fr\/wp-content\/uploads\/2024\/06\/drainage-etic.png\" alt=\"\" width=\"416\" height=\"291\" \/><\/p><p><span style=\"font-weight: 400;\">W.E 1\u00a0: Ventre &amp; flancs<\/span><\/p><p><span style=\"font-weight: 400;\">W.E\u00a02 : Mains, bras, \u00e9paules\u00a0<\/span><\/p><p><span style=\"font-weight: 400;\">W.E\u00a03 : Pieds, jambes, cuisses<\/span><\/p><p><span style=\"font-weight: 400;\">W.E 4 : DOS 1\u00e9re <\/span>partie (sillons)<\/p><p><span style=\"font-weight: 400;\">W.E\u00a05 : DOS suite et fin<\/span><\/p><p><span style=\"font-weight: 400;\">W.E\u00a06 : Nuque, T\u00eate, visage<\/span><\/p><p><b>W.E 7\u00a0: r\u00e9vision g\u00e9n\u00e9rale\u00a0<\/b><\/p><p><b>W.E\u00a08 : Passage examen<\/b><span style=\"font-weight: 400;\">, Supervision (<\/span><i><span style=\"font-weight: 400;\">date \u00e0 d\u00e9finir ensemble , quand vous vous sentez pr\u00eat<\/span><\/i> <span style=\"font-weight: 400;\">)<\/span><\/p><p><b>Se munir de<\/b><b>\u00a0<\/b><b>: <\/b><\/p><p><b>1 <\/b><b>Falcon d\u2019huile massage <\/b><b>+ une grande serviette ( 70 X 100 cm) et d\u2019un Drap de bain (100 X 150)<\/b><\/p><p><b>Une tenue souple et confortable, <\/b><\/p><p><b>Ongles cours pour \u00e9viter les griffures ! <\/b><\/p><p><b>De quoi prendre des notes, ainsi qu\u2019un LUTIN pour y mettre vos supports de cours.<\/b><\/p><\/div>\n\t\t\t\t<\/div>\n\t\t\t\t\t\t\t<div class=\"elementor-accordion-item\">\n\t\t\t\t\t<div id=\"elementor-tab-title-1712\" class=\"elementor-tab-title\" data-tab=\"2\" role=\"button\" aria-controls=\"elementor-tab-content-1712\" aria-expanded=\"false\">\n\t\t\t\t\t\t\t\t\t\t\t\t\t<span class=\"elementor-accordion-icon elementor-accordion-icon-left\" aria-hidden=\"true\">\n\t\t\t\t\t\t\t\t\t\t\t\t\t\t\t<span class=\"elementor-accordion-icon-closed\"><svg class=\"e-font-icon-svg e-fas-plus\" viewBox=\"0 0 448 512\" xmlns=\"http:\/\/www.w3.org\/2000\/svg\"><path d=\"M416 208H272V64c0-17.67-14.33-32-32-32h-32c-17.67 0-32 14.33-32 32v144H32c-17.67 0-32 14.33-32 32v32c0 17.67 14.33 32 32 32h144v144c0 17.67 14.33 32 32 32h32c17.67 0 32-14.33 32-32V304h144c17.67 0 32-14.33 32-32v-32c0-17.67-14.33-32-32-32z\"><\/path><\/svg><\/span>\n\t\t\t\t\t\t\t\t<span class=\"elementor-accordion-icon-opened\"><svg class=\"e-font-icon-svg e-fas-minus\" viewBox=\"0 0 448 512\" xmlns=\"http:\/\/www.w3.org\/2000\/svg\"><path d=\"M416 208H32c-17.67 0-32 14.33-32 32v32c0 17.67 14.33 32 32 32h384c17.67 0 32-14.33 32-32v-32c0-17.67-14.33-32-32-32z\"><\/path><\/svg><\/span>\n\t\t\t\t\t\t\t\t\t\t\t\t\t\t<\/span>\n\t\t\t\t\t\t\t\t\t\t\t\t<a class=\"elementor-accordion-title\" tabindex=\"0\">Module Drainage Lympho-\u00e9nerg\u00e9tique<\/a>\n\t\t\t\t\t<\/div>\n\t\t\t\t\t<div id=\"elementor-tab-content-1712\" class=\"elementor-tab-content elementor-clearfix\" data-tab=\"2\" role=\"region\" aria-labelledby=\"elementor-tab-title-1712\"><p style=\"text-align: left;\"><strong>Relancer le circuit lymphatique pour d\u00e9toxifier, r\u00e9parer, cicatriser<\/strong><\/p><p><img decoding=\"async\" class=\"alignleft wp-image-1621\" src=\"https:\/\/synergy-therapy.fr\/wp-content\/uploads\/2024\/10\/drainage-cellulaire-1536x1024-1.jpg\" alt=\"\" width=\"438\" height=\"292\" \/><\/p><p style=\"text-align: left;\"><span style=\"font-weight: 400;\">W.E 1 : <\/span><b>Les bases<\/b><span style=\"font-weight: 400;\"> ganglions du cou, nuque, visage<\/span><\/p><p><span style=\"font-weight: 400;\">W.E 2 : Trap\u00e8ze, \u00e9paules, bras, mains,<\/span><\/p><p><span style=\"font-weight: 400;\">W.E 3 : Ventre, Ganglions<\/span><\/p><p><span style=\"font-weight: 400;\">W.E 4 : Cuisses, Jambes, pieds<\/span><\/p><p><span style=\"font-weight: 400;\">W.E 5 : Fessiers et Dos<\/span><\/p><p><span style=\"font-weight: 400;\">W.E 6 : Visage et Cage thoracique\u00a0<\/span><\/p><p><b>W.E 7 : R\u00e9vision g\u00e9n\u00e9rale\u00a0<\/b><\/p><p><b>W.E 8 : Passage examen<\/b> <span style=\"font-weight: 400;\">, Supervision (<\/span><i><span style=\"font-weight: 400;\">date \u00e0 d\u00e9finir ensemble , quand vous vous sentez pr\u00eat<\/span><\/i> <span style=\"font-weight: 400;\">)<\/span><\/p><p><b>Se munir<\/b><b> de <\/b><b>: <\/b><\/p><p><b>1 grande serviette ( 70 X 100 cm) et d\u2019un Drap de bain (100 X 150) , une tenue souple et confortable, ongles cours pour \u00e9viter les griffures ! <\/b><\/p><p><b>De quoi prendre des notes, ainsi qu\u2019un LUTIN pour y mettre vos supports de cours.<\/b><\/p><\/div>\n\t\t\t\t<\/div>\n\t\t\t\t\t\t\t<div class=\"elementor-accordion-item\">\n\t\t\t\t\t<div id=\"elementor-tab-title-1713\" class=\"elementor-tab-title\" data-tab=\"3\" role=\"button\" aria-controls=\"elementor-tab-content-1713\" aria-expanded=\"false\">\n\t\t\t\t\t\t\t\t\t\t\t\t\t<span class=\"elementor-accordion-icon elementor-accordion-icon-left\" aria-hidden=\"true\">\n\t\t\t\t\t\t\t\t\t\t\t\t\t\t\t<span class=\"elementor-accordion-icon-closed\"><svg class=\"e-font-icon-svg e-fas-plus\" viewBox=\"0 0 448 512\" xmlns=\"http:\/\/www.w3.org\/2000\/svg\"><path d=\"M416 208H272V64c0-17.67-14.33-32-32-32h-32c-17.67 0-32 14.33-32 32v144H32c-17.67 0-32 14.33-32 32v32c0 17.67 14.33 32 32 32h144v144c0 17.67 14.33 32 32 32h32c17.67 0 32-14.33 32-32V304h144c17.67 0 32-14.33 32-32v-32c0-17.67-14.33-32-32-32z\"><\/path><\/svg><\/span>\n\t\t\t\t\t\t\t\t<span class=\"elementor-accordion-icon-opened\"><svg class=\"e-font-icon-svg e-fas-minus\" viewBox=\"0 0 448 512\" xmlns=\"http:\/\/www.w3.org\/2000\/svg\"><path d=\"M416 208H32c-17.67 0-32 14.33-32 32v32c0 17.67 14.33 32 32 32h384c17.67 0 32-14.33 32-32v-32c0-17.67-14.33-32-32-32z\"><\/path><\/svg><\/span>\n\t\t\t\t\t\t\t\t\t\t\t\t\t\t<\/span>\n\t\t\t\t\t\t\t\t\t\t\t\t<a class=\"elementor-accordion-title\" tabindex=\"0\">Module Acupression<\/a>\n\t\t\t\t\t<\/div>\n\t\t\t\t\t<div id=\"elementor-tab-content-1713\" class=\"elementor-tab-content elementor-clearfix\" data-tab=\"3\" role=\"region\" aria-labelledby=\"elementor-tab-title-1713\"><p style=\"text-align: left;\"><strong>D\u00e9bloquer les n\u0153uds , soulager les douleurs<\/strong><\/p><p><img decoding=\"async\" class=\"alignleft wp-image-1622\" src=\"https:\/\/synergy-therapy.fr\/wp-content\/uploads\/2024\/10\/acupression.jpg\" alt=\"\" width=\"450\" height=\"338\" \/><\/p><p>\u00a0<\/p><p style=\"text-align: left;\"><span style=\"font-weight: 400;\">W.E 1 : <\/span><b>Th\u00e9orie <\/b>a<span>natomie, les diff\u00e9rents syst\u00e8mes ( <\/span><i><span>nerveux, respiratoire, veineux etc<\/span><\/i><span>\u00a0<\/span><span>.)<\/span><b>\u00a0<\/b><\/p><p style=\"text-align: left;\"><span style=\"font-weight: 400;\">W.E 2 : Points d\u2019acupression Zone Fessiers<\/span><\/p><p style=\"text-align: left;\"><span style=\"font-weight: 400;\">W.E 3 : Acupression Zone de taille<\/span><\/p><p style=\"text-align: left;\"><span style=\"font-weight: 400;\">W.E 4 : Acupression Grille costale<\/span><\/p><p style=\"text-align: left;\"><span style=\"font-weight: 400;\">W.E 5 : Acupression omoplates &amp; trap\u00e8ze<\/span><\/p><p style=\"text-align: left;\"><span style=\"font-weight: 400;\">W.E 6 : Acupression T\u00eate &amp; cou\u00a0<\/span><\/p><p style=\"text-align: left;\"><b>W.E 7 : R\u00e9vision g\u00e9n\u00e9rale\u00a0<\/b><\/p><p style=\"text-align: left;\"><b>W.E 8 : Passage examen<\/b> <span style=\"font-weight: 400;\">, Supervision (<\/span><i><span style=\"font-weight: 400;\">date \u00e0 d\u00e9finir ensemble , quand vous vous sentez pr\u00eat<\/span><\/i> <span style=\"font-weight: 400;\">)<\/span><\/p><p>\u00a0<\/p><p style=\"text-align: left;\"><b>Se munir <\/b><b>: <\/b><\/p><p style=\"text-align: left;\"><b>D&rsquo;une PENDULE<\/b><b>, d\u2019une grande serviette ( 70 X 100 cm) et d\u2019un Drap de bain (100 X 150), <\/b><\/p><p style=\"text-align: left;\"><b>une tenue souple et confortable, ongles cours pour \u00e9viter les griffures ! <\/b><\/p><p style=\"text-align: left;\"><b>De quoi prendre des notes, ainsi qu\u2019un LUTIN pour y mettre vos supports de cours.<\/b><\/p><\/div>\n\t\t\t\t<\/div>\n\t\t\t\t\t\t\t\t<\/div>\n\t\t\t\t\t\t<\/div>\n\t\t\t\t<\/div>\n\t\t\t\t\t<\/div>\n\t\t\t\t<\/div>\n\t\t<div class=\"elementor-element elementor-element-e4e2846 e-flex e-con-boxed e-con e-parent\" data-id=\"e4e2846\" data-element_type=\"container\" data-e-type=\"container\">\n\t\t\t\t\t<div class=\"e-con-inner\">\n\t\t<div class=\"elementor-element elementor-element-a1194b8 e-con-full e-flex e-con e-child\" data-id=\"a1194b8\" data-element_type=\"container\" data-e-type=\"container\">\n\t\t\t\t<div class=\"elementor-element elementor-element-0b1ddb5 exad-sticky-section-no exad-glass-effect-no elementor-widget elementor-widget-text-editor\" data-id=\"0b1ddb5\" data-element_type=\"widget\" data-e-type=\"widget\" data-widget_type=\"text-editor.default\">\n\t\t\t\t<div class=\"elementor-widget-container\">\n\t\t\t\t\t\t\t\t\t<h4><strong>Lieu de formation\u00a0:<\/strong><\/h4><p>\u00a0<\/p><h4 style=\"text-align: center;\"><em> Namast\u2019Home 27240 Sylvain les moulins<\/em><\/h4><p>\u00a0<\/p><h6>Namast\u2019Home : espace bien-\u00eatre au c\u0153ur de la for\u00eat Normande , situ\u00e9 dans l\u2019Eure, \u00e0 1h30 de Paris, 1h de Rouen, \u00e0 20mn au sud d\u2019Evreux. Vous pourrez manger sur place, et si vous venez de loin possibilit\u00e9 d\u2019h\u00e9bergement sur place\u00a0.<\/h6>\t\t\t\t\t\t\t\t<\/div>\n\t\t\t\t<\/div>\n\t\t\t\t<\/div>\n\t\t<div class=\"elementor-element elementor-element-3dc6cef e-con-full e-flex e-con e-child\" data-id=\"3dc6cef\" data-element_type=\"container\" data-e-type=\"container\">\n\t\t\t\t<div class=\"elementor-element elementor-element-6c53be3 exad-sticky-section-no exad-glass-effect-no elementor-widget elementor-widget-text-editor\" data-id=\"6c53be3\" data-element_type=\"widget\" data-e-type=\"widget\" data-widget_type=\"text-editor.default\">\n\t\t\t\t<div class=\"elementor-widget-container\">\n\t\t\t\t\t\t\t\t\t<h4><strong>Conditions de participation :<\/strong><\/h4><h5><span style=\"font-weight: 400;\">Pour participer \u00e0 l\u2019examen il est <\/span><b>indispensable de s\u2019engager pour l\u2019ann\u00e9e<\/b><span style=\"font-weight: 400;\"> c\u2019est-\u00e0-dire assister a tous les\u00a0 week-ends afin d\u2019apprendre le protocole complet<\/span><\/h5><h5><span style=\"font-weight: 400;\">Tous les cours se passent chez Namast\u2019hOMe<\/span><\/h5><h5><b>TARIF \/ WE<\/b><span style=\"font-weight: 400;\">\u00a0: <\/span><b>repas compris<\/b><span style=\"font-weight: 400;\">\u00a0<\/span><span style=\"font-weight: 400;\">= <\/span><b>260\u20ac le we<\/b><span style=\"font-weight: 400;\"> EARLY BIRD\u00a0: si inscription 1 mois avant le 1<\/span><span style=\"font-weight: 400;\">er<\/span><span style=\"font-weight: 400;\"> we de la formation\u00a0! <\/span><span style=\"font-weight: 400;\">Plein Tarif = 300\u20ac le WE<\/span><\/h5><h5><span style=\"font-weight: 400;\"><strong>TARIF \/ WE<\/strong>\u00a0: <\/span><b>avec h\u00e9bergement<\/b> <span style=\"font-weight: 400;\">= <\/span><b>390\u20ac le\u00a0 WE<\/b><span style=\"font-weight: 400;\"> EARLY BIRD\u00a0: si inscription 1 mois avant le 1<\/span><span style=\"font-weight: 400;\">er<\/span><span style=\"font-weight: 400;\"> we de la formation\u00a0!<\/span><span style=\"font-weight: 400;\"> Plein Tarif = 430\u20ac le WE<\/span><\/h5>\t\t\t\t\t\t\t\t<\/div>\n\t\t\t\t<\/div>\n\t\t\t\t<\/div>\n\t\t\t\t\t<\/div>\n\t\t\t\t<\/div>\n\t\t<div class=\"elementor-element elementor-element-bfc1fa2 e-flex e-con-boxed e-con e-parent\" data-id=\"bfc1fa2\" data-element_type=\"container\" data-e-type=\"container\">\n\t\t\t\t\t<div class=\"e-con-inner\">\n\t\t<div class=\"elementor-element elementor-element-8193211 e-con-full e-flex e-con e-child\" data-id=\"8193211\" data-element_type=\"container\" data-e-type=\"container\">\n\t\t\t\t<div class=\"elementor-element elementor-element-bd6d951 elementor-widget__width-initial exad-sticky-section-no exad-glass-effect-no elementor-widget elementor-widget-heading\" data-id=\"bd6d951\" data-element_type=\"widget\" data-e-type=\"widget\" data-widget_type=\"heading.default\">\n\t\t\t\t<div class=\"elementor-widget-container\">\n\t\t\t\t\t<h2 class=\"elementor-heading-title elementor-size-default\"><h1 style=\"font-family: Montserrat, sans-serif;text-align: center\">\n\n<span style=\"font-weight: bolder\">Plus d'infos :<\/span>\n\n<\/h1>\n\n<p style=\"font-size: 16px;text-align: center\"><\/p>\n\n<h3 style=\"font-family: Montserrat, sans-serif;text-align: center\">\n\n<span style=\"font-weight: bolder\">Mail :<\/span>\n\n&nbsp;<em>sthformation.sylduh&#8203;@gmail.com<\/em>\n\n<\/h3>\n\n<h3 style=\"font-family: Montserrat, sans-serif;text-align: center\">\n\n<span style=\"font-weight: bolder\">Tel :<\/span>\n\n&nbsp;&nbsp;<em>06 19 64 72 90<\/em>\n\n<\/h3><\/h2>\t\t\t\t<\/div>\n\t\t\t\t<\/div>\n\t\t\t\t<\/div>\n\t\t\t\t\t<\/div>\n\t\t\t\t<\/div>\n\t\t\t\t<\/div>\n\t\t","protected":false},"excerpt":{"rendered":"<p>Corps :FormationSynergy Th\u00e9rapeute Je vous propose un cursus de formation certifiante pour devenir\u00a0: SYNERGY THERAPEUTE Cette m\u00e9thode de Pratiques Energ\u00e9tiques Manuelles est enseign\u00e9e par modules, Sur plusieurs week-ends, les formations ont lieu le week-end a raison d\u2019une fois par mois. Le cursus complet dure 3 ans avec la possibilit\u00e9 de d\u00e9marrer votre activit\u00e9 d\u00e8s la [&hellip;]<\/p>\n","protected":false},"author":1,"featured_media":0,"parent":0,"menu_order":0,"comment_status":"closed","ping_status":"closed","template":"","meta":{"footnotes":""},"class_list":["post-20","page","type-page","status-publish","hentry"],"_links":{"self":[{"href":"https:\/\/synergy-therapy.fr\/index.php?rest_route=\/wp\/v2\/pages\/20","targetHints":{"allow":["GET"]}}],"collection":[{"href":"https:\/\/synergy-therapy.fr\/index.php?rest_route=\/wp\/v2\/pages"}],"about":[{"href":"https:\/\/synergy-therapy.fr\/index.php?rest_route=\/wp\/v2\/types\/page"}],"author":[{"embeddable":true,"href":"https:\/\/synergy-therapy.fr\/index.php?rest_route=\/wp\/v2\/users\/1"}],"replies":[{"embeddable":true,"href":"https:\/\/synergy-therapy.fr\/index.php?rest_route=%2Fwp%2Fv2%2Fcomments&post=20"}],"version-history":[{"count":246,"href":"https:\/\/synergy-therapy.fr\/index.php?rest_route=\/wp\/v2\/pages\/20\/revisions"}],"predecessor-version":[{"id":1643,"href":"https:\/\/synergy-therapy.fr\/index.php?rest_route=\/wp\/v2\/pages\/20\/revisions\/1643"}],"wp:attachment":[{"href":"https:\/\/synergy-therapy.fr\/index.php?rest_route=%2Fwp%2Fv2%2Fmedia&parent=20"}],"curies":[{"name":"wp","href":"https:\/\/api.w.org\/{rel}","templated":true}]}}