{"id":31,"date":"2024-06-27T17:05:53","date_gmt":"2024-06-27T15:05:53","guid":{"rendered":"https:\/\/synergy-therapy.fr\/?page_id=31"},"modified":"2024-11-24T12:45:49","modified_gmt":"2024-11-24T11:45:49","slug":"corps-et-esprit","status":"publish","type":"page","link":"https:\/\/synergy-therapy.fr\/?page_id=31","title":{"rendered":"Corps et Esprit"},"content":{"rendered":"\t\t<div data-elementor-type=\"wp-page\" data-elementor-id=\"31\" class=\"elementor elementor-31\">\n\t\t\t\t<div class=\"elementor-element elementor-element-4f27b27 e-con-full e-flex e-con e-parent\" data-id=\"4f27b27\" data-element_type=\"container\" data-e-type=\"container\" data-settings=\"{&quot;background_background&quot;:&quot;classic&quot;}\">\n\t\t\t\t<\/div>\n\t\t<div class=\"elementor-element elementor-element-876aa54 e-flex e-con-boxed e-con e-parent\" data-id=\"876aa54\" data-element_type=\"container\" data-e-type=\"container\">\n\t\t\t\t\t<div class=\"e-con-inner\">\n\t\t\t\t<div class=\"elementor-element elementor-element-6ff9e62 exad-sticky-section-no exad-glass-effect-no elementor-widget elementor-widget-spacer\" data-id=\"6ff9e62\" data-element_type=\"widget\" data-e-type=\"widget\" data-widget_type=\"spacer.default\">\n\t\t\t\t<div class=\"elementor-widget-container\">\n\t\t\t\t\t\t\t<div class=\"elementor-spacer\">\n\t\t\t<div class=\"elementor-spacer-inner\"><\/div>\n\t\t<\/div>\n\t\t\t\t\t\t<\/div>\n\t\t\t\t<\/div>\n\t\t\t\t\t<\/div>\n\t\t\t\t<\/div>\n\t\t<div class=\"elementor-element elementor-element-916cd8a e-flex e-con-boxed e-con e-parent\" data-id=\"916cd8a\" data-element_type=\"container\" data-e-type=\"container\">\n\t\t\t\t\t<div class=\"e-con-inner\">\n\t\t<div class=\"elementor-element elementor-element-f18dc73 e-con-full e-flex elementor-invisible e-con e-child\" data-id=\"f18dc73\" data-element_type=\"container\" data-e-type=\"container\" data-settings=\"{&quot;animation&quot;:&quot;fadeIn&quot;}\">\n\t\t\t\t<div class=\"elementor-element elementor-element-d947aeb exad-sticky-section-no exad-glass-effect-no elementor-widget elementor-widget-heading\" data-id=\"d947aeb\" data-element_type=\"widget\" data-e-type=\"widget\" data-widget_type=\"heading.default\">\n\t\t\t\t<div class=\"elementor-widget-container\">\n\t\t\t\t\t<h1 class=\"elementor-heading-title elementor-size-default\">Corps &amp; Esprit : <br>Qi-Gong<\/h1>\t\t\t\t<\/div>\n\t\t\t\t<\/div>\n\t\t\t\t<\/div>\n\t\t<div class=\"elementor-element elementor-element-9d1645f e-con-full e-flex e-con e-child\" data-id=\"9d1645f\" data-element_type=\"container\" data-e-type=\"container\">\n\t\t\t\t<div class=\"elementor-element elementor-element-59135c6 exad-sticky-section-no exad-glass-effect-no elementor-widget elementor-widget-text-editor\" data-id=\"59135c6\" data-element_type=\"widget\" data-e-type=\"widget\" data-widget_type=\"text-editor.default\">\n\t\t\t\t<div class=\"elementor-widget-container\">\n\t\t\t\t\t\t\t\t\t<h5>Plus qu\u2019une pratique corporelle\u00a0<strong>le Qi-Gong<\/strong>\u00a0est avant tout un art \u00e9nerg\u00e9tique de\u00a0<strong>sant\u00e9<\/strong>\u00a0et de\u00a0<strong>long\u00e9vit\u00e9<\/strong>. Cette gym zen est reconnue aujourd\u2019hui par de nombreuses institutions \u00e0 la fois comme une <strong>activit\u00e9<\/strong>\u00a0<strong>d\u2019\u00e9panouissement personnel\u00a0<\/strong>et\u00a0<strong>d\u2019entretien de la vitalit\u00e9<\/strong>.<\/h5><h5><strong>Pratiqu\u00e9 r\u00e9guli\u00e8rement,\u00a0<\/strong>il va\u00a0<strong>soulager\u00a0<\/strong>nos douleurs chroniques, &amp;\u00a0<strong>apaiser<\/strong>\u00a0notre mental.<\/h5><h5><strong>Sylviane vous propose<\/strong>\u00a0de venir\u00a0<strong>chaque semaine<\/strong>\u00a0entretenir votre sant\u00e9 de fa\u00e7on zen et naturelle.\u00a0<strong>Au fur et \u00e0 mesure des entrainements\u00a0<\/strong>vous allez\u00a0<strong>dissoudre les tensions\u00a0<\/strong>corporelles et mentales, mais surtout\u00a0<strong>gagner en \u00e9nergie\u00a0<\/strong>et en\u00a0<strong>s\u00e9r\u00e9nit\u00e9\u00a0<\/strong>!<\/h5><h5><span style=\"color: inherit; font-family: inherit; font-size: 1.25rem;\">\u21d2 Le <\/span><strong style=\"color: inherit; font-family: inherit; font-size: 1.25rem;\">Qi-Gong harmonise le corps et l\u2019esprit\u00a0<\/strong><span style=\"color: inherit; font-family: inherit; font-size: 1.25rem;\">: cette pratique d\u2019\u00e9tirements &amp; d\u2019assouplissements produit un effet b\u00e9n\u00e9fique sur les\u00a0<\/span><strong style=\"color: inherit; font-family: inherit; font-size: 1.25rem;\">tendons<\/strong><span style=\"color: inherit; font-family: inherit; font-size: 1.25rem;\">,\u00a0 on va ainsi, lubrifier les\u00a0<\/span><strong style=\"color: inherit; font-family: inherit; font-size: 1.25rem;\">articulations<\/strong><span style=\"color: inherit; font-family: inherit; font-size: 1.25rem;\">, soutenir les\u00a0<\/span><strong style=\"color: inherit; font-family: inherit; font-size: 1.25rem;\">organes<\/strong><span style=\"color: inherit; font-family: inherit; font-size: 1.25rem;\">, enfin et surtout\u00a0<\/span><strong style=\"color: inherit; font-family: inherit; font-size: 1.25rem;\">dissiper le besoin de contr\u00f4ler\u00a0<\/strong><span style=\"color: inherit; font-family: inherit; font-size: 1.25rem;\">,\u00a0<\/span><strong style=\"color: inherit; font-family: inherit; font-size: 1.25rem;\">calmer le mental<\/strong><span style=\"color: inherit; font-family: inherit; font-size: 1.25rem;\">.<\/span><\/h5><h5>\u21d2 <strong>Le mot de la fin : Pratiquez, exp\u00e9rimentez,\u00a0<\/strong>sans vous mettre de frein;\u00a0<strong>cessez le jugement<\/strong>, pour\u00a0<strong>s\u2019ouvrir \u00e0 l\u2019exp\u00e9rience<\/strong>. On peut se donner un objectif ( mais pas un d\u00e9fi), l\u2019objectif\u00a0<strong>permet\u00a0<\/strong>de\u00a0<strong>se transformer!\u00a0<\/strong>Alors tel un enfant prenez\u00a0<strong>plaisir \u00e0 faire\u00a0<\/strong>du\u00a0<strong>QI Gong!<\/strong><\/h5>\t\t\t\t\t\t\t\t<\/div>\n\t\t\t\t<\/div>\n\t\t\t\t<\/div>\n\t\t\t\t\t<\/div>\n\t\t\t\t<\/div>\n\t\t<div class=\"elementor-element elementor-element-49345bf e-flex e-con-boxed e-con e-parent\" data-id=\"49345bf\" data-element_type=\"container\" data-e-type=\"container\">\n\t\t\t\t\t<div class=\"e-con-inner\">\n\t\t\t\t<div class=\"elementor-element elementor-element-0f31365 exad-sticky-section-no exad-glass-effect-no elementor-widget elementor-widget-spacer\" data-id=\"0f31365\" data-element_type=\"widget\" data-e-type=\"widget\" data-widget_type=\"spacer.default\">\n\t\t\t\t<div class=\"elementor-widget-container\">\n\t\t\t\t\t\t\t<div class=\"elementor-spacer\">\n\t\t\t<div class=\"elementor-spacer-inner\"><\/div>\n\t\t<\/div>\n\t\t\t\t\t\t<\/div>\n\t\t\t\t<\/div>\n\t\t\t\t<div class=\"elementor-element elementor-element-d4035f6 elementor-widget-divider--view-line exad-sticky-section-no exad-glass-effect-no elementor-widget elementor-widget-divider\" data-id=\"d4035f6\" data-element_type=\"widget\" data-e-type=\"widget\" data-widget_type=\"divider.default\">\n\t\t\t\t<div class=\"elementor-widget-container\">\n\t\t\t\t\t\t\t<div class=\"elementor-divider\">\n\t\t\t<span class=\"elementor-divider-separator\">\n\t\t\t\t\t\t<\/span>\n\t\t<\/div>\n\t\t\t\t\t\t<\/div>\n\t\t\t\t<\/div>\n\t\t\t\t\t<\/div>\n\t\t\t\t<\/div>\n\t\t<div class=\"elementor-element elementor-element-a4f7c8d e-flex e-con-boxed e-con e-parent\" data-id=\"a4f7c8d\" data-element_type=\"container\" data-e-type=\"container\">\n\t\t\t\t\t<div class=\"e-con-inner\">\n\t\t\t\t<div class=\"elementor-element elementor-element-da1503e exad-sticky-section-no exad-glass-effect-no elementor-widget elementor-widget-spacer\" data-id=\"da1503e\" data-element_type=\"widget\" data-e-type=\"widget\" data-widget_type=\"spacer.default\">\n\t\t\t\t<div class=\"elementor-widget-container\">\n\t\t\t\t\t\t\t<div class=\"elementor-spacer\">\n\t\t\t<div class=\"elementor-spacer-inner\"><\/div>\n\t\t<\/div>\n\t\t\t\t\t\t<\/div>\n\t\t\t\t<\/div>\n\t\t\t\t\t<\/div>\n\t\t\t\t<\/div>\n\t\t<div class=\"elementor-element elementor-element-2a72a59 e-flex e-con-boxed e-con e-parent\" data-id=\"2a72a59\" data-element_type=\"container\" data-e-type=\"container\">\n\t\t\t\t\t<div class=\"e-con-inner\">\n\t\t<div class=\"elementor-element elementor-element-d079803 e-con-full e-flex e-con e-child\" data-id=\"d079803\" data-element_type=\"container\" data-e-type=\"container\">\n\t\t\t\t<div class=\"elementor-element elementor-element-4a293aa exad-sticky-section-no exad-glass-effect-no elementor-widget elementor-widget-image\" data-id=\"4a293aa\" data-element_type=\"widget\" data-e-type=\"widget\" data-widget_type=\"image.default\">\n\t\t\t\t<div class=\"elementor-widget-container\">\n\t\t\t\t\t\t\t\t\t\t\t\t\t\t\t<img fetchpriority=\"high\" decoding=\"async\" width=\"800\" height=\"450\" src=\"https:\/\/synergy-therapy.fr\/wp-content\/uploads\/2024\/07\/Cours.png\" class=\"attachment-large size-large wp-image-644\" alt=\"\" \/>\t\t\t\t\t\t\t\t\t\t\t\t\t\t\t<\/div>\n\t\t\t\t<\/div>\n\t\t\t\t<\/div>\n\t\t<div class=\"elementor-element elementor-element-d472125 e-con-full e-flex e-con e-child\" data-id=\"d472125\" data-element_type=\"container\" data-e-type=\"container\">\n\t\t\t\t<div class=\"elementor-element elementor-element-3a7f725 exad-sticky-section-no exad-glass-effect-no elementor-widget elementor-widget-text-editor\" data-id=\"3a7f725\" data-element_type=\"widget\" data-e-type=\"widget\" data-widget_type=\"text-editor.default\">\n\t\t\t\t<div class=\"elementor-widget-container\">\n\t\t\t\t\t\t\t\t\t<h1 style=\"text-align: center;\"><strong>Cours hebdo<\/strong><\/h1><p>La <strong>pratique r\u00e9guli\u00e8re du Qi-Gong <\/strong>(prononcer TCHI-KONG) permet de r\u00e9\u00e9quilibrer votre \u00e9nergie vitale, par des mouvements doux et lents. <strong>Chaque s\u00e9ance va am\u00e9liorer votre <\/strong><strong>\u00e9tat de sante<\/strong> par l\u2019harmonie du corps et de l\u2019esprit.<\/p><p><em>(Planning ci-dessous)<\/em><\/p>\t\t\t\t\t\t\t\t<\/div>\n\t\t\t\t<\/div>\n\t\t\t\t<\/div>\n\t\t\t\t\t<\/div>\n\t\t\t\t<\/div>\n\t\t<div class=\"elementor-element elementor-element-d814e8a e-flex e-con-boxed e-con e-parent\" data-id=\"d814e8a\" data-element_type=\"container\" data-e-type=\"container\">\n\t\t\t\t\t<div class=\"e-con-inner\">\n\t\t<div class=\"elementor-element elementor-element-bc19db6 e-con-full e-flex e-con e-child\" data-id=\"bc19db6\" data-element_type=\"container\" data-e-type=\"container\">\n\t\t\t\t<div class=\"elementor-element elementor-element-b32a4c7 exad-sticky-section-no exad-glass-effect-no elementor-widget elementor-widget-heading\" data-id=\"b32a4c7\" data-element_type=\"widget\" data-e-type=\"widget\" data-widget_type=\"heading.default\">\n\t\t\t\t<div class=\"elementor-widget-container\">\n\t\t\t\t\t<h2 class=\"elementor-heading-title elementor-size-default\"><h1 style=\"font-family: Montserrat, sans-serif;text-align: center\">\n\n<span style=\"font-weight: bolder\">Plus d'infos :<\/span>\n\n<\/h1>\n\n<p style=\"font-size: 16px;text-align: center\"><\/p>\n\n<h3 style=\"font-family: Montserrat, sans-serif;text-align: center\">\n\n<span style=\"font-weight: bolder\">Mail :<\/span>\n\n&nbsp;<em>sthformation.sylduh&#8203;@gmail.com<\/em>\n\n<\/h3>\n\n<h3 style=\"font-family: Montserrat, sans-serif;text-align: center\">\n\n<span style=\"font-weight: bolder\">Tel :<\/span>\n\n&nbsp;&nbsp;<em>06 19 64 72 90<\/em>\n\n<\/h3><\/h2>\t\t\t\t<\/div>\n\t\t\t\t<\/div>\n\t\t\t\t<\/div>\n\t\t<div class=\"elementor-element elementor-element-9445a1f e-con-full e-flex e-con e-child\" data-id=\"9445a1f\" data-element_type=\"container\" data-e-type=\"container\">\n\t\t\t\t<div class=\"elementor-element elementor-element-c809e98 exad-sticky-section-no exad-glass-effect-no elementor-widget elementor-widget-spacer\" data-id=\"c809e98\" data-element_type=\"widget\" data-e-type=\"widget\" data-widget_type=\"spacer.default\">\n\t\t\t\t<div class=\"elementor-widget-container\">\n\t\t\t\t\t\t\t<div class=\"elementor-spacer\">\n\t\t\t<div class=\"elementor-spacer-inner\"><\/div>\n\t\t<\/div>\n\t\t\t\t\t\t<\/div>\n\t\t\t\t<\/div>\n\t\t\t\t<div class=\"elementor-element elementor-element-e9feaeb exad-sticky-section-no exad-glass-effect-no elementor-widget elementor-widget-image\" data-id=\"e9feaeb\" data-element_type=\"widget\" data-e-type=\"widget\" data-widget_type=\"image.default\">\n\t\t\t\t<div class=\"elementor-widget-container\">\n\t\t\t\t\t\t\t\t\t\t\t\t\t\t\t\t<a href=\"https:\/\/synergy-therapy.fr\/wp-content\/uploads\/2024\/11\/Planning-STH-2025.png\" data-elementor-open-lightbox=\"yes\" data-elementor-lightbox-title=\"Planning STH 2025\" data-e-action-hash=\"#elementor-action%3Aaction%3Dlightbox%26settings%3DeyJpZCI6MTY3OCwidXJsIjoiaHR0cHM6XC9cL3N5bmVyZ3ktdGhlcmFweS5mclwvd3AtY29udGVudFwvdXBsb2Fkc1wvMjAyNFwvMTFcL1BsYW5uaW5nLVNUSC0yMDI1LnBuZyJ9\">\n\t\t\t\t\t\t\t<img decoding=\"async\" width=\"800\" height=\"450\" src=\"https:\/\/synergy-therapy.fr\/wp-content\/uploads\/2024\/11\/Planning-STH-2025-1024x576.png\" class=\"attachment-large size-large wp-image-1678\" alt=\"\" srcset=\"https:\/\/synergy-therapy.fr\/wp-content\/uploads\/2024\/11\/Planning-STH-2025-1024x576.png 1024w, https:\/\/synergy-therapy.fr\/wp-content\/uploads\/2024\/11\/Planning-STH-2025-300x169.png 300w, https:\/\/synergy-therapy.fr\/wp-content\/uploads\/2024\/11\/Planning-STH-2025-768x432.png 768w, https:\/\/synergy-therapy.fr\/wp-content\/uploads\/2024\/11\/Planning-STH-2025-1536x864.png 1536w, https:\/\/synergy-therapy.fr\/wp-content\/uploads\/2024\/11\/Planning-STH-2025.png 1920w\" sizes=\"(max-width: 800px) 100vw, 800px\" \/>\t\t\t\t\t\t\t\t<\/a>\n\t\t\t\t\t\t\t\t\t\t\t\t\t\t\t<\/div>\n\t\t\t\t<\/div>\n\t\t\t\t<\/div>\n\t\t\t\t\t<\/div>\n\t\t\t\t<\/div>\n\t\t<div class=\"elementor-element elementor-element-97cd519 e-flex e-con-boxed e-con e-parent\" data-id=\"97cd519\" data-element_type=\"container\" data-e-type=\"container\">\n\t\t\t\t\t<div class=\"e-con-inner\">\n\t\t\t\t<div class=\"elementor-element elementor-element-9f1d78b elementor-widget-divider--view-line exad-sticky-section-no exad-glass-effect-no elementor-widget elementor-widget-divider\" data-id=\"9f1d78b\" data-element_type=\"widget\" data-e-type=\"widget\" data-widget_type=\"divider.default\">\n\t\t\t\t<div class=\"elementor-widget-container\">\n\t\t\t\t\t\t\t<div class=\"elementor-divider\">\n\t\t\t<span class=\"elementor-divider-separator\">\n\t\t\t\t\t\t<\/span>\n\t\t<\/div>\n\t\t\t\t\t\t<\/div>\n\t\t\t\t<\/div>\n\t\t\t\t\t<\/div>\n\t\t\t\t<\/div>\n\t\t<div class=\"elementor-element elementor-element-9b57516 e-flex e-con-boxed e-con e-parent\" data-id=\"9b57516\" data-element_type=\"container\" data-e-type=\"container\">\n\t\t\t\t\t<div class=\"e-con-inner\">\n\t\t<div class=\"elementor-element elementor-element-bd50c1b e-con-full e-flex e-con e-child\" data-id=\"bd50c1b\" data-element_type=\"container\" data-e-type=\"container\">\n\t\t\t\t<div class=\"elementor-element elementor-element-c0f48ef exad-sticky-section-no exad-glass-effect-no elementor-widget elementor-widget-image\" data-id=\"c0f48ef\" data-element_type=\"widget\" data-e-type=\"widget\" data-widget_type=\"image.default\">\n\t\t\t\t<div class=\"elementor-widget-container\">\n\t\t\t\t\t\t\t\t\t\t\t\t\t\t\t<img decoding=\"async\" width=\"800\" height=\"450\" src=\"https:\/\/synergy-therapy.fr\/wp-content\/uploads\/2024\/07\/Cours-2.png\" class=\"attachment-large size-large wp-image-679\" alt=\"\" \/>\t\t\t\t\t\t\t\t\t\t\t\t\t\t\t<\/div>\n\t\t\t\t<\/div>\n\t\t\t\t<\/div>\n\t\t<div class=\"elementor-element elementor-element-094de45 e-con-full e-flex e-con e-child\" data-id=\"094de45\" data-element_type=\"container\" data-e-type=\"container\">\n\t\t<div class=\"elementor-element elementor-element-af40463 e-con-full e-flex e-con e-child\" data-id=\"af40463\" data-element_type=\"container\" data-e-type=\"container\">\n\t\t\t\t<div class=\"elementor-element elementor-element-01d80ae exad-sticky-section-no exad-glass-effect-no elementor-widget elementor-widget-text-editor\" data-id=\"01d80ae\" data-element_type=\"widget\" data-e-type=\"widget\" data-widget_type=\"text-editor.default\">\n\t\t\t\t<div class=\"elementor-widget-container\">\n\t\t\t\t\t\t\t\t\t<h1 style=\"text-align: center;\"><strong>Stages<\/strong><\/h1><p>Et si la meilleure fa\u00e7on d\u2019\u00e9viter la maladie \u00e9tait <strong>d\u2019\u00eatre en bonne sant\u00e9<\/strong> ? Vous allez apprendre au cours de ces ateliers , \u00e0 mieux connaitre votre corps et ses modes de fonctionnement. Avec la MTC Vous allez d\u00e9couvrir comment maitriser l\u2019art <strong>d\u2019entretenir le corps et l\u2019esprit en bonne sant\u00e9<\/strong>. Ceci dans une <strong>ambiance chaleureuse et conviviale<\/strong><\/p>\t\t\t\t\t\t\t\t<\/div>\n\t\t\t\t<\/div>\n\t\t\t\t<\/div>\n\t\t<div class=\"elementor-element elementor-element-ffc076b e-con-full e-flex e-con e-child\" data-id=\"ffc076b\" data-element_type=\"container\" data-e-type=\"container\">\n\t\t\t\t<div class=\"elementor-element elementor-element-0f2d629 elementor-align-center exad-sticky-section-no exad-glass-effect-no elementor-widget elementor-widget-button\" data-id=\"0f2d629\" data-element_type=\"widget\" data-e-type=\"widget\" data-widget_type=\"button.default\">\n\t\t\t\t<div class=\"elementor-widget-container\">\n\t\t\t\t\t\t\t\t\t<div class=\"elementor-button-wrapper\">\n\t\t\t\t\t<a class=\"elementor-button elementor-button-link elementor-size-sm\" href=\"https:\/\/www.helloasso.com\/associations\/synergy-terre-happy\" target=\"_blank\">\n\t\t\t\t\t\t<span class=\"elementor-button-content-wrapper\">\n\t\t\t\t\t\t\t\t\t<span class=\"elementor-button-text\">Inscription<\/span>\n\t\t\t\t\t<\/span>\n\t\t\t\t\t<\/a>\n\t\t\t\t<\/div>\n\t\t\t\t\t\t\t\t<\/div>\n\t\t\t\t<\/div>\n\t\t\t\t<\/div>\n\t\t\t\t<\/div>\n\t\t\t\t\t<\/div>\n\t\t\t\t<\/div>\n\t\t<div class=\"elementor-element elementor-element-1b7eb87 e-flex e-con-boxed e-con e-parent\" data-id=\"1b7eb87\" data-element_type=\"container\" data-e-type=\"container\">\n\t\t\t\t\t<div class=\"e-con-inner\">\n\t\t\t\t<div class=\"elementor-element elementor-element-68cfd4f exad-sticky-section-no exad-glass-effect-no elementor-widget elementor-widget-spacer\" data-id=\"68cfd4f\" data-element_type=\"widget\" data-e-type=\"widget\" data-widget_type=\"spacer.default\">\n\t\t\t\t<div class=\"elementor-widget-container\">\n\t\t\t\t\t\t\t<div class=\"elementor-spacer\">\n\t\t\t<div class=\"elementor-spacer-inner\"><\/div>\n\t\t<\/div>\n\t\t\t\t\t\t<\/div>\n\t\t\t\t<\/div>\n\t\t\t\t\t<\/div>\n\t\t\t\t<\/div>\n\t\t\t\t<\/div>\n\t\t","protected":false},"excerpt":{"rendered":"<p>Corps &amp; Esprit : Qi-Gong Plus qu\u2019une pratique corporelle\u00a0le Qi-Gong\u00a0est avant tout un art \u00e9nerg\u00e9tique de\u00a0sant\u00e9\u00a0et de\u00a0long\u00e9vit\u00e9. Cette gym zen est reconnue aujourd\u2019hui par de nombreuses institutions \u00e0 la fois comme une activit\u00e9\u00a0d\u2019\u00e9panouissement personnel\u00a0et\u00a0d\u2019entretien de la vitalit\u00e9. Pratiqu\u00e9 r\u00e9guli\u00e8rement,\u00a0il va\u00a0soulager\u00a0nos douleurs chroniques, &amp;\u00a0apaiser\u00a0notre mental. Sylviane vous propose\u00a0de venir\u00a0chaque semaine\u00a0entretenir votre sant\u00e9 de fa\u00e7on zen et [&hellip;]<\/p>\n","protected":false},"author":1,"featured_media":0,"parent":0,"menu_order":0,"comment_status":"closed","ping_status":"closed","template":"","meta":{"footnotes":""},"class_list":["post-31","page","type-page","status-publish","hentry"],"_links":{"self":[{"href":"https:\/\/synergy-therapy.fr\/index.php?rest_route=\/wp\/v2\/pages\/31","targetHints":{"allow":["GET"]}}],"collection":[{"href":"https:\/\/synergy-therapy.fr\/index.php?rest_route=\/wp\/v2\/pages"}],"about":[{"href":"https:\/\/synergy-therapy.fr\/index.php?rest_route=\/wp\/v2\/types\/page"}],"author":[{"embeddable":true,"href":"https:\/\/synergy-therapy.fr\/index.php?rest_route=\/wp\/v2\/users\/1"}],"replies":[{"embeddable":true,"href":"https:\/\/synergy-therapy.fr\/index.php?rest_route=%2Fwp%2Fv2%2Fcomments&post=31"}],"version-history":[{"count":355,"href":"https:\/\/synergy-therapy.fr\/index.php?rest_route=\/wp\/v2\/pages\/31\/revisions"}],"predecessor-version":[{"id":1681,"href":"https:\/\/synergy-therapy.fr\/index.php?rest_route=\/wp\/v2\/pages\/31\/revisions\/1681"}],"wp:attachment":[{"href":"https:\/\/synergy-therapy.fr\/index.php?rest_route=%2Fwp%2Fv2%2Fmedia&parent=31"}],"curies":[{"name":"wp","href":"https:\/\/api.w.org\/{rel}","templated":true}]}}